{"id":737,"date":"2025-11-05T09:13:37","date_gmt":"2025-11-05T09:13:37","guid":{"rendered":"https:\/\/coach-monitoring.com\/contacto\/"},"modified":"2026-04-07T13:55:30","modified_gmt":"2026-04-07T12:55:30","slug":"contacto","status":"publish","type":"page","link":"https:\/\/coach-monitoring.com\/es\/contacto\/","title":{"rendered":"Contacto"},"content":{"rendered":"<p>[et_pb_section fb_built=\u00bb1&#8243; _builder_version=\u00bb4.27.4&#8243; _module_preset=\u00bbdefault\u00bb background_color=\u00bbgcid-primary-color\u00bb custom_padding=\u00bb120px||115px||false|false\u00bb global_colors_info=\u00bb{%22gcid-primary-color%22:%91%22background_color%22%93}\u00bb][et_pb_row _builder_version=\u00bb4.27.4&#8243; _module_preset=\u00bbdefault\u00bb global_colors_info=\u00bb{}\u00bb][et_pb_column type=\u00bb4_4&#8243; _builder_version=\u00bb4.27.4&#8243; _module_preset=\u00bbdefault\u00bb global_colors_info=\u00bb{}\u00bb][et_pb_text _builder_version=\u00bb4.27.4&#8243; _module_preset=\u00bbdefault\u00bb global_colors_info=\u00bb{}\u00bb]<\/p>\n<h1 style=\"text-align: center;\">Contacta con nosotros<\/h1>\n<p>[\/et_pb_text][et_pb_text _builder_version=\u00bb4.27.4&#8243; _module_preset=\u00bbdefault\u00bb text_text_color=\u00bb#FFFFFF\u00bb custom_padding=\u00bb|0px||||\u00bb global_colors_info=\u00bb{}\u00bb]<\/p>\n<p style=\"text-align: center;\">\u00bfTe interesa? \u00bfTienes alguna pregunta?<br \/>\u00a1No dudes en ponerte en contacto con nosotros! Nos pondremos en contacto contigo en un plazo de 24 horas.<\/p>\n<p>[\/et_pb_text][et_pb_image src=\u00bbhttps:\/\/coach-monitoring.com\/wp-content\/uploads\/\/2025\/11\/full-circle2.svg\u00bb title_text=\u00bbfull circle(2)\u00bb admin_label=\u00bbCercle\u00bb _builder_version=\u00bb4.27.4&#8243; _module_preset=\u00bbdefault\u00bb positioning=\u00bbabsolute\u00bb position_origin_a=\u00bbtop_right\u00bb vertical_offset=\u00bb-550px\u00bb horizontal_offset=\u00bb-701px\u00bb z_index=\u00bb-1&#8243; width=\u00bb100%\u00bb global_colors_info=\u00bb{}\u00bb][\/et_pb_image][\/et_pb_column][\/et_pb_row][\/et_pb_section][et_pb_section fb_built=\u00bb1&#8243; _builder_version=\u00bb4.27.4&#8243; _module_preset=\u00bbdefault\u00bb background_color=\u00bbgcid-e873bf3a-da70-431c-b3c7-75925958cb34&#8243; custom_padding=\u00bb2px|||||\u00bb global_colors_info=\u00bb{%22gcid-e873bf3a-da70-431c-b3c7-75925958cb34%22:%91%22background_color%22%93}\u00bb][et_pb_row _builder_version=\u00bb4.27.4&#8243; _module_preset=\u00bbdefault\u00bb background_color=\u00bb#FFFFFF\u00bb z_index=\u00bb25&#8243; width=\u00bb90%\u00bb max_width=\u00bb650px\u00bb custom_margin=\u00bb-100px||||false|false\u00bb custom_padding=\u00bb50px|30px|50px|30px|true|true\u00bb border_radii=\u00bbon|20px|20px|20px|20px\u00bb global_colors_info=\u00bb{}\u00bb][et_pb_column type=\u00bb4_4&#8243; _builder_version=\u00bb4.27.4&#8243; _module_preset=\u00bbdefault\u00bb global_colors_info=\u00bb{}\u00bb][et_pb_code _builder_version=\u00bb4.27.4&#8243; _module_preset=\u00bbdefault\u00bb background_enable_color=\u00bboff\u00bb custom_margin=\u00bb||||false|false\u00bb custom_padding=\u00bb||||true|true\u00bb global_colors_info=\u00bb{}\u00bb]<div class=\"forminator-ui forminator-custom-form forminator-custom-form-360 forminator-design--default  forminator_ajax\" data-forminator-render=\"0\" data-form=\"forminator-module-360\" data-uid=\"69d5bcc8b6900\"><br\/><\/div><form\n\t\t\t\tid=\"forminator-module-360\"\n\t\t\t\tclass=\"forminator-ui forminator-custom-form forminator-custom-form-360 forminator-design--default  forminator_ajax\"\n\t\t\t\tmethod=\"post\"\n\t\t\t\tdata-forminator-render=\"0\"\n\t\t\t\tdata-form-id=\"360\"\n\t\t\t\t data-color-option=\"theme\" data-design=\"default\" data-grid=\"open\" style=\"display: none;\"\n\t\t\t\tdata-uid=\"69d5bcc8b6900\"\n\t\t\t><div role=\"alert\" aria-live=\"polite\" class=\"forminator-response-message forminator-error\" aria-hidden=\"true\"><\/div><div class=\"forminator-row\"><div id=\"name-1\" class=\"forminator-field-name forminator-col forminator-col-6 \"><div class=\"forminator-field\"><input type=\"text\" name=\"name-1\" value=\"\" placeholder=\"First Name\" id=\"forminator-field-name-1_69d5bcc8b6900\" class=\"forminator-input forminator-name--field\" aria-required=\"true\" autocomplete=\"name\" \/><\/div><\/div><div id=\"name-2\" class=\"forminator-field-name forminator-col forminator-col-6 \"><div class=\"forminator-field\"><input type=\"text\" name=\"name-2\" value=\"\" placeholder=\"Last name\" id=\"forminator-field-name-2_69d5bcc8b6900\" class=\"forminator-input forminator-name--field\" aria-required=\"true\" autocomplete=\"name\" \/><\/div><\/div><\/div><div class=\"forminator-row\"><div id=\"email-1\" class=\"forminator-field-email forminator-col forminator-col-12 \"><div class=\"forminator-field\"><input type=\"email\" name=\"email-1\" value=\"\" placeholder=\"you@company.com\" id=\"forminator-field-email-1_69d5bcc8b6900\" class=\"forminator-input forminator-email--field\" data-required=\"true\" aria-required=\"true\" autocomplete=\"email\" \/><\/div><\/div><\/div><div class=\"forminator-row\"><div id=\"select-1\" class=\"forminator-field-select forminator-col forminator-col-12 \"><div class=\"forminator-field\"><select  id=\"forminator-form-360__field--select-1_69d5bcc8b6900\" class=\"forminator-select--field forminator-select2 forminator-select2-multiple\" data-required=\"1\" name=\"select-1\" data-default-value=\"\" data-hidden-behavior=\"zero\" data-placeholder=\"Select the profile that interests you\" data-search=\"false\" data-search-placeholder=\"Select the profile that interests you\" data-checkbox=\"false\" data-allow-clear=\"false\" aria-labelledby=\"forminator-form-360__field--select-1_69d5bcc8b6900-label\"><option value=\"\"  >Select the profile that interests you<\/option><option value=\"one\"  data-calculation=\"0\">I want to be coached<\/option><option value=\"two\"  data-calculation=\"0\">I want to become a coach<\/option><\/select><\/div><\/div><\/div><div class=\"forminator-row\"><div id=\"phone-1\" class=\"forminator-field-phone forminator-col forminator-col-12 \"><div class=\"forminator-field\"><input type=\"text\" name=\"phone-1\" value=\"\" placeholder=\"\" id=\"forminator-field-phone-1_69d5bcc8b6900\" class=\"forminator-input forminator-field--phone\" data-required=\"\" aria-required=\"false\" autocomplete=\"off\" data-national_mode=\"disabled\" data-country=\"US\" data-validation=\"international\" \/><\/div><\/div><\/div><div class=\"forminator-row\"><div id=\"textarea-1\" class=\"forminator-field-textarea forminator-col forminator-col-12 \"><div class=\"forminator-field\"><span id=\"forminator-field-textarea-1_69d5bcc8b6900-description\" class=\"forminator-description\"><span data-limit=\"1000\" data-type=\"characters\" data-editor=\"\">0 \/ 1000<\/span><\/span><textarea name=\"textarea-1\" placeholder=\"Describe your profile to us (Diploma, experience, etc.)\" id=\"forminator-field-textarea-1_69d5bcc8b6900\" class=\"forminator-textarea\" rows=\"6\" style=\"min-height:140px;\" maxlength=\"1000\" ><\/textarea><\/div><\/div><\/div><input type=\"hidden\" name=\"referer_url\" value=\"\" \/><div class=\"forminator-row forminator-row-last\"><div class=\"forminator-col\"><div class=\"forminator-field\"><button class=\"forminator-button forminator-button-submit submit-forminator\">Join the Smile Monitoring community<\/button><\/div><\/div><\/div><input type=\"hidden\" id=\"forminator_nonce\" name=\"forminator_nonce\" value=\"dc486697d2\" \/><input type=\"hidden\" name=\"_wp_http_referer\" value=\"\/es\/wp-json\/wp\/v2\/pages\/737\" \/><input type=\"hidden\" name=\"form_id\" value=\"360\"><input type=\"hidden\" name=\"page_id\" value=\"737\"><input type=\"hidden\" name=\"form_type\" value=\"default\"><input type=\"hidden\" name=\"current_url\" value=\"https:\/\/coach-monitoring.com\/es\/contacto\/\"><input type=\"hidden\" name=\"render_id\" value=\"0\"><input type=\"hidden\" name=\"action\" value=\"forminator_submit_form_custom-forms\"><\/form>[\/et_pb_code][\/et_pb_column][\/et_pb_row][\/et_pb_section][et_pb_section fb_built=\u00bb1&#8243; theme_builder_area=\u00bbpost_content\u00bb _builder_version=\u00bb4.27.4&#8243; _module_preset=\u00bbdefault\u00bb background_color=\u00bbRGBA(255,255,255,0)\u00bb hover_enabled=\u00bb0&#8243; sticky_enabled=\u00bb0&#8243; custom_padding=\u00bb11px||1px|||\u00bb][et_pb_row _builder_version=\u00bb4.27.4&#8243; _module_preset=\u00bbdefault\u00bb theme_builder_area=\u00bbpost_content\u00bb][et_pb_column _builder_version=\u00bb4.27.4&#8243; _module_preset=\u00bbdefault\u00bb type=\u00bb4_4&#8243; theme_builder_area=\u00bbpost_content\u00bb][et_pb_code _builder_version=\u00bb4.27.4&#8243; _module_preset=\u00bbdefault\u00bb theme_builder_area=\u00bbpost_content\u00bb hover_enabled=\u00bb0&#8243; sticky_enabled=\u00bb0&#8243;]<script><!-- [et_pb_line_break_holder] -->document.addEventListener('DOMContentLoaded', function() {<!-- [et_pb_line_break_holder] -->  \/\/ R\u00e9cup\u00e8re les param\u00e8tres de l'URL<!-- [et_pb_line_break_holder] -->  const params = new URLSearchParams(window.location.search);<!-- [et_pb_line_break_holder] -->  const type = params.get('type'); \/\/ r\u00e9cup\u00e8re \"be-coached\" ou \"become-coach\"<!-- [et_pb_line_break_holder] --><!-- [et_pb_line_break_holder] -->  \/\/ S\u00e9lectionne ton champ Forminator<!-- [et_pb_line_break_holder] -->  \/\/ Remplace le s\u00e9lecteur ci-dessous par le bon ID ou name du champ<!-- [et_pb_line_break_holder] -->  const selectField = document.querySelector('select[name=\"select-1\"]');<!-- [et_pb_line_break_holder] --><!-- [et_pb_line_break_holder] -->  if (selectField && type) {<!-- [et_pb_line_break_holder] -->    \/\/ Adapte les valeurs ci-dessous selon tes options exactes dans Forminator<!-- [et_pb_line_break_holder] -->    if (type === 'be-coached') {<!-- [et_pb_line_break_holder] -->      selectField.value = 'one';<!-- [et_pb_line_break_holder] -->    } else if (type === 'become-coach') {<!-- [et_pb_line_break_holder] -->      selectField.value = 'two';<!-- [et_pb_line_break_holder] -->    }<!-- [et_pb_line_break_holder] --><!-- [et_pb_line_break_holder] -->    \/\/ Pour d\u00e9clencher un \u00e9ventuel changement dans Forminator<!-- [et_pb_line_break_holder] -->    const event = new Event('change', { bubbles: true });<!-- [et_pb_line_break_holder] -->    selectField.dispatchEvent(event);<!-- [et_pb_line_break_holder] -->  }<!-- [et_pb_line_break_holder] -->});<!-- [et_pb_line_break_holder] --><\/script><!-- [et_pb_line_break_holder] -->[\/et_pb_code][\/et_pb_column][\/et_pb_row][\/et_pb_section]<\/p>\n","protected":false},"excerpt":{"rendered":"<p>Contacta con nosotros\u00bfTe interesa? \u00bfTienes alguna pregunta?\u00a1No dudes en ponerte en contacto con nosotros! Nos pondremos en contacto contigo en un plazo de 24 horas.<div class=\"forminator-ui forminator-custom-form forminator-custom-form-360 forminator-design--default  forminator_ajax\" data-forminator-render=\"1\" data-form=\"forminator-module-360\" data-uid=\"69d5bcc8c3883\"><br\/><\/div><form\n\t\t\t\tid=\"forminator-module-360\"\n\t\t\t\tclass=\"forminator-ui forminator-custom-form forminator-custom-form-360 forminator-design--default  forminator_ajax\"\n\t\t\t\tmethod=\"post\"\n\t\t\t\tdata-forminator-render=\"1\"\n\t\t\t\tdata-form-id=\"360\"\n\t\t\t\t data-color-option=\"theme\" data-design=\"default\" data-grid=\"open\" style=\"display: none;\"\n\t\t\t\tdata-uid=\"69d5bcc8c3883\"\n\t\t\t><div role=\"alert\" aria-live=\"polite\" class=\"forminator-response-message forminator-error\" aria-hidden=\"true\"><\/div><div class=\"forminator-row\"><div id=\"name-1\" class=\"forminator-field-name forminator-col forminator-col-6 \"><div class=\"forminator-field\"><input type=\"text\" name=\"name-1\" value=\"\" placeholder=\"First Name\" id=\"forminator-field-name-1_69d5bcc8c3883\" class=\"forminator-input forminator-name--field\" aria-required=\"true\" autocomplete=\"name\" \/><\/div><\/div><div id=\"name-2\" class=\"forminator-field-name forminator-col forminator-col-6 \"><div class=\"forminator-field\"><input type=\"text\" name=\"name-2\" value=\"\" placeholder=\"Last name\" id=\"forminator-field-name-2_69d5bcc8c3883\" class=\"forminator-input forminator-name--field\" aria-required=\"true\" autocomplete=\"name\" \/><\/div><\/div><\/div><div class=\"forminator-row\"><div id=\"email-1\" class=\"forminator-field-email forminator-col forminator-col-12 \"><div class=\"forminator-field\"><input type=\"email\" name=\"email-1\" value=\"\" placeholder=\"you@company.com\" id=\"forminator-field-email-1_69d5bcc8c3883\" class=\"forminator-input forminator-email--field\" data-required=\"true\" aria-required=\"true\" autocomplete=\"email\" \/><\/div><\/div><\/div><div class=\"forminator-row\"><div id=\"select-1\" class=\"forminator-field-select forminator-col forminator-col-12 \"><div class=\"forminator-field\"><select  id=\"forminator-form-360__field--select-1_69d5bcc8c3883\" class=\"forminator-select--field forminator-select2 forminator-select2-multiple\" data-required=\"1\" name=\"select-1\" data-default-value=\"\" data-hidden-behavior=\"zero\" data-placeholder=\"Select the profile that interests you\" data-search=\"false\" data-search-placeholder=\"Select the profile that interests you\" data-checkbox=\"false\" data-allow-clear=\"false\" aria-labelledby=\"forminator-form-360__field--select-1_69d5bcc8c3883-label\"><option value=\"\"  >Select the profile that interests you<\/option><option value=\"one\"  data-calculation=\"0\">I want to be coached<\/option><option value=\"two\"  data-calculation=\"0\">I want to become a coach<\/option><\/select><\/div><\/div><\/div><div class=\"forminator-row\"><div id=\"phone-1\" class=\"forminator-field-phone forminator-col forminator-col-12 \"><div class=\"forminator-field\"><input type=\"text\" name=\"phone-1\" value=\"\" placeholder=\"\" id=\"forminator-field-phone-1_69d5bcc8c3883\" class=\"forminator-input forminator-field--phone\" data-required=\"\" aria-required=\"false\" autocomplete=\"off\" data-national_mode=\"disabled\" data-country=\"US\" data-validation=\"international\" \/><\/div><\/div><\/div><div class=\"forminator-row\"><div id=\"textarea-1\" class=\"forminator-field-textarea forminator-col forminator-col-12 \"><div class=\"forminator-field\"><span id=\"forminator-field-textarea-1_69d5bcc8c3883-description\" class=\"forminator-description\"><span data-limit=\"1000\" data-type=\"characters\" data-editor=\"\">0 \/ 1000<\/span><\/span><textarea name=\"textarea-1\" placeholder=\"Describe your profile to us (Diploma, experience, etc.)\" id=\"forminator-field-textarea-1_69d5bcc8c3883\" class=\"forminator-textarea\" rows=\"6\" style=\"min-height:140px;\" maxlength=\"1000\" ><\/textarea><\/div><\/div><\/div><input type=\"hidden\" name=\"referer_url\" value=\"\" \/><div class=\"forminator-row forminator-row-last\"><div class=\"forminator-col\"><div class=\"forminator-field\"><button class=\"forminator-button forminator-button-submit submit-forminator\">Join the Smile Monitoring community<\/button><\/div><\/div><\/div><input type=\"hidden\" id=\"forminator_nonce\" name=\"forminator_nonce\" value=\"dc486697d2\" \/><input type=\"hidden\" name=\"_wp_http_referer\" value=\"\/es\/wp-json\/wp\/v2\/pages\/737\" \/><input type=\"hidden\" name=\"form_id\" value=\"360\"><input type=\"hidden\" name=\"page_id\" value=\"737\"><input type=\"hidden\" name=\"form_type\" value=\"default\"><input type=\"hidden\" name=\"current_url\" value=\"https:\/\/coach-monitoring.com\/es\/contacto\/\"><input type=\"hidden\" name=\"render_id\" value=\"1\"><input type=\"hidden\" name=\"action\" value=\"forminator_submit_form_custom-forms\"><\/form><\/p>\n","protected":false},"author":1,"featured_media":0,"parent":0,"menu_order":0,"comment_status":"closed","ping_status":"closed","template":"","meta":{"_et_pb_use_builder":"on","_et_pb_old_content":"","_et_gb_content_width":"","inline_featured_image":false,"footnotes":""},"class_list":["post-737","page","type-page","status-publish","hentry"],"_links":{"self":[{"href":"https:\/\/coach-monitoring.com\/es\/wp-json\/wp\/v2\/pages\/737","targetHints":{"allow":["GET"]}}],"collection":[{"href":"https:\/\/coach-monitoring.com\/es\/wp-json\/wp\/v2\/pages"}],"about":[{"href":"https:\/\/coach-monitoring.com\/es\/wp-json\/wp\/v2\/types\/page"}],"author":[{"embeddable":true,"href":"https:\/\/coach-monitoring.com\/es\/wp-json\/wp\/v2\/users\/1"}],"replies":[{"embeddable":true,"href":"https:\/\/coach-monitoring.com\/es\/wp-json\/wp\/v2\/comments?post=737"}],"version-history":[{"count":3,"href":"https:\/\/coach-monitoring.com\/es\/wp-json\/wp\/v2\/pages\/737\/revisions"}],"predecessor-version":[{"id":740,"href":"https:\/\/coach-monitoring.com\/es\/wp-json\/wp\/v2\/pages\/737\/revisions\/740"}],"wp:attachment":[{"href":"https:\/\/coach-monitoring.com\/es\/wp-json\/wp\/v2\/media?parent=737"}],"curies":[{"name":"wp","href":"https:\/\/api.w.org\/{rel}","templated":true}]}}