{"id":757,"date":"2025-11-04T10:43:07","date_gmt":"2025-11-04T10:43:07","guid":{"rendered":"https:\/\/coach-monitoring.com\/mentions-legales\/"},"modified":"2026-04-07T14:32:53","modified_gmt":"2026-04-07T13:32:53","slug":"mentions-legales","status":"publish","type":"page","link":"https:\/\/coach-monitoring.com\/fr\/mentions-legales\/","title":{"rendered":"Mentions l\u00e9gales"},"content":{"rendered":"<p>[et_pb_section fb_built=\u00a0\u00bb1&Prime; _builder_version=\u00a0\u00bb4.27.4&Prime; _module_preset=\u00a0\u00bbdefault\u00a0\u00bb background_color=\u00a0\u00bbgcid-primary-color\u00a0\u00bb custom_padding=\u00a0\u00bb120px||115px||false|false\u00a0\u00bb global_colors_info=\u00a0\u00bb{%22gcid-primary-color%22:%91%22background_color%22%93}\u00a0\u00bb][et_pb_row _builder_version=\u00a0\u00bb4.27.4&Prime; _module_preset=\u00a0\u00bbdefault\u00a0\u00bb global_colors_info=\u00a0\u00bb{}\u00a0\u00bb][et_pb_column type=\u00a0\u00bb4_4&Prime; _builder_version=\u00a0\u00bb4.27.4&Prime; _module_preset=\u00a0\u00bbdefault\u00a0\u00bb global_colors_info=\u00a0\u00bb{}\u00a0\u00bb][et_pb_text _builder_version=\u00a0\u00bb4.27.6&Prime; _module_preset=\u00a0\u00bbdefault\u00a0\u00bb custom_margin=\u00a0\u00bb||-4px|||\u00a0\u00bb global_colors_info=\u00a0\u00bb{}\u00a0\u00bb]<\/p>\n<h1 style=\"text-align: center;\">Mentions l\u00e9gales<\/h1>\n<p>[\/et_pb_text][et_pb_image src=\u00a0\u00bbhttps:\/\/coach-monitoring.com\/wp-content\/uploads\/\/2025\/11\/full-circle2.svg\u00a0\u00bb title_text=\u00a0\u00bbfull circle(2)\u00a0\u00bb admin_label=\u00a0\u00bbCercle\u00a0\u00bb _builder_version=\u00a0\u00bb4.27.4&Prime; _module_preset=\u00a0\u00bbdefault\u00a0\u00bb positioning=\u00a0\u00bbabsolute\u00a0\u00bb position_origin_a=\u00a0\u00bbtop_right\u00a0\u00bb vertical_offset=\u00a0\u00bb-550px\u00a0\u00bb horizontal_offset=\u00a0\u00bb-701px\u00a0\u00bb z_index=\u00a0\u00bb-1&Prime; width=\u00a0\u00bb100%\u00a0\u00bb global_colors_info=\u00a0\u00bb{}\u00a0\u00bb][\/et_pb_image][\/et_pb_column][\/et_pb_row][\/et_pb_section][et_pb_section fb_built=\u00a0\u00bb1&Prime; _builder_version=\u00a0\u00bb4.16&Prime; global_colors_info=\u00a0\u00bb{}\u00a0\u00bb][et_pb_row _builder_version=\u00a0\u00bb4.27.6&Prime; background_size=\u00a0\u00bbinitial\u00a0\u00bb background_position=\u00a0\u00bbtop_left\u00a0\u00bb background_repeat=\u00a0\u00bbrepeat\u00a0\u00bb max_width=\u00a0\u00bb850px\u00a0\u00bb global_colors_info=\u00a0\u00bb{}\u00a0\u00bb][et_pb_column type=\u00a0\u00bb4_4&Prime; _builder_version=\u00a0\u00bb4.16&Prime; custom_padding=\u00a0\u00bb|||\u00a0\u00bb global_colors_info=\u00a0\u00bb{}\u00a0\u00bb custom_padding__hover=\u00a0\u00bb|||\u00a0\u00bb][et_pb_text _builder_version=\u00a0\u00bb4.27.6&Prime; background_size=\u00a0\u00bbinitial\u00a0\u00bb background_position=\u00a0\u00bbtop_left\u00a0\u00bb background_repeat=\u00a0\u00bbrepeat\u00a0\u00bb hover_enabled=\u00a0\u00bb0&Prime; global_colors_info=\u00a0\u00bb{}\u00a0\u00bb sticky_enabled=\u00a0\u00bb0&Prime;]<\/p>\n<h3>1 \u2013 \u00c9dition du site web<\/h3>\n<p>Conform\u00e9ment \u00e0 l&rsquo;article 6 de la loi n\u00b0 2004-575 du 21 juin 2004 relative \u00e0 la confiance dans l&rsquo;\u00e9conomie num\u00e9rique, les informations suivantes sont communiqu\u00e9es aux utilisateurs du site web.<\/p>\n<ul class=\"wp-block-list\">\n<ul class=\"wp-block-list\">\n<li><strong>Propri\u00e9taire du site : <\/strong>G\u00e9rard GUILLERM<br \/>Contact : <a>contact@groupe-orqual.com<\/a> \u2013 +33 6 68 24 22 00<br \/>Adresse : 1, route de Fenetrange, 67260, DIEDENDORF, France<\/li>\n<li><strong>Informations sur la soci\u00e9t\u00e9 : <\/strong>SASU au capital social de 557 500 \u20ac<br \/>SIREN : 502147523 \u2013 RCS : 502 147 523 R.C.S. Saverne<br \/>Adresse postale : 1, route de Fenetrange, 67260, DIEDENDORF, France<\/li>\n<li><strong>H\u00e9bergeur :<\/strong> Gandi SAS \u2013 63-65 boulevard Mass\u00e9na, 75013 Paris, France \u2013 T\u00e9l. : +33 1 70 37 76 61<\/li>\n<li><strong>D\u00e9l\u00e9gu\u00e9 \u00e0 la protection des donn\u00e9es (DPD) : <\/strong>G\u00e9rard GUILLERM \u2013<a> gerard.guillerm@groupe-orqual.com<\/a><\/li>\n<\/ul>\n<\/ul>\n<p><!-- \/divi:list-item --><\/p>\n<h3 data-section-id=\"1xu6mrk\" data-start=\"1400\" data-end=\"1447\">2 \u2013 Propri\u00e9t\u00e9 intellectuelle et contrefa\u00e7ons<\/h3>\n<p data-start=\"1449\" data-end=\"1654\">G\u00e9rard GUILLERM d\u00e9tient l&rsquo;ensemble des droits de propri\u00e9t\u00e9 intellectuelle et des droits d&rsquo;utilisation sur tous les \u00e9l\u00e9ments accessibles sur le site web, notamment les textes, les images, les graphiques, les logos, les vid\u00e9os, l&rsquo;architecture du site, les ic\u00f4nes et les sons.<\/p>\n<p data-start=\"1656\" data-end=\"1871\">Toute reproduction, repr\u00e9sentation, modification, publication ou adaptation de tout ou partie des \u00e9l\u00e9ments du site, par quelque moyen ou proc\u00e9d\u00e9 que ce soit, est interdite sans l&rsquo;autorisation \u00e9crite pr\u00e9alable de G\u00e9rard GUILLERM.<\/p>\n<p data-start=\"1873\" data-end=\"2073\">Toute utilisation non autoris\u00e9e du site web ou de l&rsquo;un de ses \u00e9l\u00e9ments sera consid\u00e9r\u00e9e comme une contrefa\u00e7on et fera l&rsquo;objet de poursuites judiciaires conform\u00e9ment aux articles L.335-2 et suivants du Code de la propri\u00e9t\u00e9 intellectuelle.<\/p>\n<h3 data-section-id=\"lo4074\" data-start=\"2080\" data-end=\"2111\">3 \u2013 Limitation de responsabilit\u00e9<\/h3>\n<p data-start=\"2113\" data-end=\"2286\">G\u00e9rard GUILLERM ne saurait \u00eatre tenu responsable des dommages directs ou indirects caus\u00e9s au mat\u00e9riel de l&rsquo;utilisateur lors de l&rsquo;acc\u00e8s \u00e0 <a data-start=\"2225\" data-end=\"2285\" class=\"decorated-link\" rel=\"noopener\" target=\"_new\" href=\"https:\/\/coach-monitoring.com\/fr\/\">https:\/\/coach-monitoring.com<span aria-hidden=\"true\" class=\"ms-0.5 inline-block align-middle leading-none\"><svg xmlns=\"http:\/\/www.w3.org\/2000\/svg\" width=\"20\" height=\"20\" aria-hidden=\"true\" data-rtl-flip=\"\" class=\"block h-[0.75em] w-[0.75em] stroke-current stroke-[0.75]\"><use href=\"\/cdn\/assets\/sprites-core-dd80ba6x.svg#304883\" fill=\"currentColor\"\/><\/svg><\/span><\/a>.<\/p>\n<p data-start=\"2288\" data-end=\"2467\">G\u00e9rard GUILLERM disclaims any responsibility for the use that may be made of the information and content available on <a data-start=\"2406\" data-end=\"2466\" class=\"decorated-link\" rel=\"noopener\" target=\"_new\" href=\"https:\/\/coach-monitoring.com\/fr\/\">https:\/\/coach-monitoring.com<span aria-hidden=\"true\" class=\"ms-0.5 inline-block align-middle leading-none\"><svg xmlns=\"http:\/\/www.w3.org\/2000\/svg\" width=\"20\" height=\"20\" aria-hidden=\"true\" data-rtl-flip=\"\" class=\"block h-[0.75em] w-[0.75em] stroke-current stroke-[0.75]\"><use href=\"\/cdn\/assets\/sprites-core-dd80ba6x.svg#304883\" fill=\"currentColor\"\/><\/svg><\/span><\/a>.<\/p>\n<p data-start=\"2469\" data-end=\"2698\">G\u00e9rard GUILLERM met tout en \u0153uvre pour assurer la s\u00e9curit\u00e9 du site <a data-start=\"2523\" data-end=\"2583\" class=\"decorated-link\" rel=\"noopener\" target=\"_new\" href=\"https:\/\/coach-monitoring.com\/fr\/\">https:\/\/coach-monitoring.com<span aria-hidden=\"true\" class=\"ms-0.5 inline-block align-middle leading-none\"><svg xmlns=\"http:\/\/www.w3.org\/2000\/svg\" width=\"20\" height=\"20\" aria-hidden=\"true\" data-rtl-flip=\"\" class=\"block h-[0.75em] w-[0.75em] stroke-current stroke-[0.75]\"><use href=\"\/cdn\/assets\/sprites-core-dd80ba6x.svg#304883\" fill=\"currentColor\"\/><\/svg><\/span><\/a>; however, liability cannot be invoked in case unwanted data are imported or installed on the site without consent. ; toutefois, aucune responsabilit\u00e9 ne saurait \u00eatre engag\u00e9e au cas o\u00f9 des donn\u00e9es ind\u00e9sirables seraient import\u00e9es ou install\u00e9es sur le site sans autorisation.<\/p>\n<p data-start=\"2700\" data-end=\"2966\">Le site web met \u00e0 disposition un formulaire de contact permettant aux utilisateurs d&rsquo;envoyer des messages. Les informations transmises via ce formulaire sont utilis\u00e9es<strong data-start=\"2808\" data-end=\"2840\"> uniquement pour r\u00e9pondre aux demandes<\/strong>. G\u00e9rard GUILLERM se r\u00e9serve le droit de supprimer les messages qui enfreignent la l\u00e9gislation fran\u00e7aise en vigueur, notamment ceux contenant des propos injurieux, diffamatoires ou ill\u00e9gaux.  <\/p>\n<h3 data-section-id=\"129tg7d\" data-start=\"2973\" data-end=\"2994\"><\/h3>\n<h3 data-section-id=\"129tg7d\" data-start=\"2973\" data-end=\"2994\">4 \u2013 Donn\u00e9es \u00e0 caract\u00e8re personnel<\/h3>\n<p data-start=\"2996\" data-end=\"3228\">Les donn\u00e9es personnelles transmises via le formulaire de contact sont utilis\u00e9es uniquement pour r\u00e9pondre \u00e0 la demande. Les utilisateurs ont le droit d&rsquo;acc\u00e9der \u00e0 leurs donn\u00e9es, de les modifier ou d&rsquo;en demander la suppression en contactant : G\u00e9rard GUILLERM \u2013 <a data-start=\"3194\" data-end=\"3227\" class=\"decorated-link cursor-pointer\" rel=\"noopener\">gerard.guillerm@groupe-orqual.com<span aria-hidden=\"true\" class=\"ms-0.5 inline-block align-middle leading-none\"><\/span><\/a>. <\/p>\n<p>&nbsp;<\/p>\n<h3 data-section-id=\"138kk5v\" data-start=\"3235\" data-end=\"3273\">5 \u2013 Droit applicable et juridiction comp\u00e9tente<\/h3>\n<p data-start=\"3275\" data-end=\"3508\">Tout litige li\u00e9 \u00e0 l&rsquo;utilisation du site <a data-start=\"3309\" data-end=\"3369\" class=\"decorated-link\" rel=\"noopener\" target=\"_new\" href=\"https:\/\/coach-monitoring.com\/fr\/\">https:\/\/coach-monitoring.com<span aria-hidden=\"true\" class=\"ms-0.5 inline-block align-middle leading-none\"><\/span><\/a> est r\u00e9gi par le droit fran\u00e7ais. Sauf disposition contraire de la loi, la comp\u00e9tence exclusive est attribu\u00e9e aux tribunaux comp\u00e9tents de Saverne, en France. <\/p>\n<p><!-- \/divi:paragraph --><!-- divi:paragraph --><!-- \/divi:paragraph -->[\/et_pb_text][\/et_pb_column][\/et_pb_row][\/et_pb_section]<\/p>\n","protected":false},"excerpt":{"rendered":"<p>Mentions l\u00e9gales1 \u2013 \u00c9dition du site web Conform\u00e9ment \u00e0 l&rsquo;article 6 de la loi n\u00b0 2004-575 du 21 juin 2004 relative \u00e0 la confiance dans l&rsquo;\u00e9conomie num\u00e9rique, les informations suivantes sont communiqu\u00e9es aux utilisateurs du site web. Propri\u00e9taire du site : G\u00e9rard GUILLERMContact : contact@groupe-orqual.com \u2013 +33 6 68 24 22 00Adresse : 1, route [&hellip;]<\/p>\n","protected":false},"author":1,"featured_media":0,"parent":0,"menu_order":0,"comment_status":"closed","ping_status":"closed","template":"","meta":{"_et_pb_use_builder":"on","_et_pb_old_content":"","_et_gb_content_width":"","inline_featured_image":false,"footnotes":""},"class_list":["post-757","page","type-page","status-publish","hentry"],"_links":{"self":[{"href":"https:\/\/coach-monitoring.com\/fr\/wp-json\/wp\/v2\/pages\/757","targetHints":{"allow":["GET"]}}],"collection":[{"href":"https:\/\/coach-monitoring.com\/fr\/wp-json\/wp\/v2\/pages"}],"about":[{"href":"https:\/\/coach-monitoring.com\/fr\/wp-json\/wp\/v2\/types\/page"}],"author":[{"embeddable":true,"href":"https:\/\/coach-monitoring.com\/fr\/wp-json\/wp\/v2\/users\/1"}],"replies":[{"embeddable":true,"href":"https:\/\/coach-monitoring.com\/fr\/wp-json\/wp\/v2\/comments?post=757"}],"version-history":[{"count":3,"href":"https:\/\/coach-monitoring.com\/fr\/wp-json\/wp\/v2\/pages\/757\/revisions"}],"predecessor-version":[{"id":760,"href":"https:\/\/coach-monitoring.com\/fr\/wp-json\/wp\/v2\/pages\/757\/revisions\/760"}],"wp:attachment":[{"href":"https:\/\/coach-monitoring.com\/fr\/wp-json\/wp\/v2\/media?parent=757"}],"curies":[{"name":"wp","href":"https:\/\/api.w.org\/{rel}","templated":true}]}}